{"id":3382,"date":"2019-12-11T11:01:35","date_gmt":"2019-12-11T10:01:35","guid":{"rendered":"https:\/\/myvarazdinholiday.com\/?page_id=3382"},"modified":"2019-12-11T11:03:07","modified_gmt":"2019-12-11T10:03:07","slug":"contact","status":"publish","type":"page","link":"https:\/\/myvarazdinholiday.com\/en\/contact\/","title":{"rendered":"Contact"},"content":{"rendered":"<div  class='av_gmaps_sc_main_wrap av_gmaps_main_wrap '><div id='av_gmap_0' class='avia-google-map-container avia-google-map-sc av_gmaps_show_unconditionally av-no-fallback-img ' data-mapid='av_gmap_0'  style='height: 400px;'><a class=\"av_gmaps_browser_disabled av_text_confirm_link av_text_confirm_link_visible\" href=\"https:\/\/www.google.com\/maps\/search\/?api=1&#038;query=Trg%20bana%20Josipa%20Jela\u010di\u0107a%2012%2042000%20Vara\u017edin\" target=\"_blank\">Maps were disabled by the visitor on this site. Click to open the map in a new window.<\/a><\/div><\/div>\n\n<style type=\"text\/css\" data-created_by=\"avia_inline_auto\" id=\"style-css-av-cnygv-a0934fbe6092a32543af795e3073c1e9\">\n.avia-section.av-cnygv-a0934fbe6092a32543af795e3073c1e9{\nmargin-top:-150px;\nmargin-bottom:0px;\n}\n<\/style>\n<div id='kontakt'  class='avia-section av-cnygv-a0934fbe6092a32543af795e3073c1e9 main_color avia-section-default avia-no-border-styling  avia-builder-el-1  el_after_av_google_map  avia-builder-el-last  kontakt avia-bg-style-scroll container_wrap sidebar_right'  ><div class='container av-section-cont-open' ><div class='template-page content  av-content-small alpha units'><div class='post-entry post-entry-type-page post-entry-3382'><div class='entry-content-wrapper clearfix'>\n<div class='flex_column_table av-14kzsn-796b82b0db6191f71ea3882010418d9a sc-av_three_fifth av-equal-height-column-flextable'>\n<style type=\"text\/css\" data-created_by=\"avia_inline_auto\" id=\"style-css-av-14kzsn-796b82b0db6191f71ea3882010418d9a\">\n.flex_column.av-14kzsn-796b82b0db6191f71ea3882010418d9a{\nborder-radius:0px 0px 0px 0px;\npadding:40px 40px 0px 40px;\nbackground-color:#ffffff;\n}\n<\/style>\n<div  class='flex_column av-14kzsn-796b82b0db6191f71ea3882010418d9a av_three_fifth  avia-builder-el-2  el_before_av_two_fifth  avia-builder-el-first  first no_margin flex_column_table_cell av-equal-height-column av-align-top  '     ><p>\n<style type=\"text\/css\" data-created_by=\"avia_inline_auto\" id=\"style-css-av-av_heading-cee3cf0bf5d17c68aea793afc5df9ea8\">\n#top .av-special-heading.av-av_heading-cee3cf0bf5d17c68aea793afc5df9ea8{\npadding-bottom:10px;\ncolor:#89172c;\nfont-size:34px;\n}\nbody .av-special-heading.av-av_heading-cee3cf0bf5d17c68aea793afc5df9ea8 .av-special-heading-tag .heading-char{\nfont-size:25px;\n}\n#top #wrap_all .av-special-heading.av-av_heading-cee3cf0bf5d17c68aea793afc5df9ea8 .av-special-heading-tag{\nfont-size:34px;\n}\n.av-special-heading.av-av_heading-cee3cf0bf5d17c68aea793afc5df9ea8 .special-heading-inner-border{\nborder-color:#89172c;\n}\n.av-special-heading.av-av_heading-cee3cf0bf5d17c68aea793afc5df9ea8 .av-subheading{\nfont-size:15px;\n}\n\n@media only screen and (min-width: 480px) and (max-width: 767px){ \n#top #wrap_all .av-special-heading.av-av_heading-cee3cf0bf5d17c68aea793afc5df9ea8 .av-special-heading-tag{\nfont-size:0.8em;\n}\n}\n\n@media only screen and (max-width: 479px){ \n#top #wrap_all .av-special-heading.av-av_heading-cee3cf0bf5d17c68aea793afc5df9ea8 .av-special-heading-tag{\nfont-size:0.8em;\n}\n}\n<\/style>\n<div  class='av-special-heading av-av_heading-cee3cf0bf5d17c68aea793afc5df9ea8 av-special-heading-h3 custom-color-heading blockquote modern-quote  avia-builder-el-3  el_before_av_contact  avia-builder-el-first  av-inherit-size'><h3 class='av-special-heading-tag '  itemprop=\"headline\"  ><b>Send us a message<\/b><\/h3><div class=\"special-heading-border\"><div class=\"special-heading-inner-border\"><\/div><\/div><\/div><br \/>\n<form action=\"https:\/\/myvarazdinholiday.com\/en\/contact\/\" method=\"post\" data-fields-with-error=\"Found errors in the following field(s):\" class=\"avia_ajax_form av-form-labels-hidden   avia-builder-el-4  el_after_av_heading  avia-builder-el-last   \" data-avia-form-id=\"1\" data-avia-redirect='' ><fieldset><p class='  first_form  form_element form_element_half' id='element_avia_1_1'><label for=\"avia_1_1\">Name and Surname <abbr class=\"required\" title=\"required\">*<\/abbr><\/label> <input name=\"avia_1_1\" class=\"text_input is_empty\" type=\"text\" id=\"avia_1_1\" value=\"\"  placeholder='Name and Surname*'\/><\/p><p class='  form_element form_element_half' id='element_avia_2_1'><label for=\"avia_2_1\">Subject <abbr class=\"required\" title=\"required\">*<\/abbr><\/label> <input name=\"avia_2_1\" class=\"text_input is_empty\" type=\"text\" id=\"avia_2_1\" value=\"\"  placeholder='Subject*'\/><\/p><p class='  first_form  form_element form_element_half' id='element_avia_3_1'><label for=\"avia_3_1\">E-Mail <abbr class=\"required\" title=\"required\">*<\/abbr><\/label> <input name=\"avia_3_1\" class=\"text_input is_email\" type=\"text\" id=\"avia_3_1\" value=\"\"  placeholder='E-Mail*'\/><\/p><p class='  form_element form_element_half' id='element_avia_4_1'><label for=\"avia_4_1\">Number <abbr class=\"required\" title=\"required\">*<\/abbr><\/label> <input name=\"avia_4_1\" class=\"text_input is_empty\" type=\"text\" id=\"avia_4_1\" value=\"\"  placeholder='Number*'\/><\/p><p class='  first_form  form_element form_fullwidth av-last-visible-form-element' id='element_avia_5_1'><label for=\"avia_5_1\" class=\"textare_label hidden textare_label_avia_5_1\">Message <abbr class=\"required\" title=\"required\">*<\/abbr><\/label><textarea  placeholder='Message*' name=\"avia_5_1\" class=\"text_area is_empty\" cols=\"40\" rows=\"7\" id=\"avia_5_1\" ><\/textarea><\/p><p class=\"hidden\"><input type=\"text\" name=\"avia_6_1\" class=\"hidden \" id=\"avia_6_1\" value=\"\" \/><\/p><p class=\"form_element \"><input type=\"hidden\" value=\"1\" name=\"avia_generated_form1\" \/><input type=\"submit\" value=\"Send\" class=\"button\"  data-sending-label=\"Sending\"\/><\/p><\/fieldset><\/form><div id=\"ajaxresponse_1\" class=\"ajaxresponse ajaxresponse_1 hidden\"><\/div><\/p><\/div>\n<style type=\"text\/css\" data-created_by=\"avia_inline_auto\" id=\"style-css-av-ve27r-8eb25815b3a9f793e49b9bd48c5b1555\">\n.flex_column.av-ve27r-8eb25815b3a9f793e49b9bd48c5b1555{\nborder-radius:0px 0px 0px 0px;\npadding:40px 40px 0px 40px;\nbackground-color:#89172c;\n}\n<\/style>\n<div  class='flex_column av-ve27r-8eb25815b3a9f793e49b9bd48c5b1555 av_two_fifth  avia-builder-el-5  el_after_av_three_fifth  avia-builder-el-last  no_margin flex_column_table_cell av-equal-height-column av-align-top avia-full-contain  '     ><p>\n<style type=\"text\/css\" data-created_by=\"avia_inline_auto\" id=\"style-css-av-av_heading-5843f99cd610bfdead84a096e8ad04a0\">\n#top .av-special-heading.av-av_heading-5843f99cd610bfdead84a096e8ad04a0{\npadding-bottom:10px;\ncolor:#ffffff;\nfont-size:34px;\n}\nbody .av-special-heading.av-av_heading-5843f99cd610bfdead84a096e8ad04a0 .av-special-heading-tag .heading-char{\nfont-size:25px;\n}\n#top #wrap_all .av-special-heading.av-av_heading-5843f99cd610bfdead84a096e8ad04a0 .av-special-heading-tag{\nfont-size:34px;\n}\n.av-special-heading.av-av_heading-5843f99cd610bfdead84a096e8ad04a0 .special-heading-inner-border{\nborder-color:#ffffff;\n}\n.av-special-heading.av-av_heading-5843f99cd610bfdead84a096e8ad04a0 .av-subheading{\nfont-size:15px;\n}\n\n@media only screen and (min-width: 480px) and (max-width: 767px){ \n#top #wrap_all .av-special-heading.av-av_heading-5843f99cd610bfdead84a096e8ad04a0 .av-special-heading-tag{\nfont-size:0.8em;\n}\n}\n\n@media only screen and (max-width: 479px){ \n#top #wrap_all .av-special-heading.av-av_heading-5843f99cd610bfdead84a096e8ad04a0 .av-special-heading-tag{\nfont-size:0.8em;\n}\n}\n<\/style>\n<div  class='av-special-heading av-av_heading-5843f99cd610bfdead84a096e8ad04a0 av-special-heading-h3 custom-color-heading blockquote modern-quote  avia-builder-el-6  el_before_av_icon_box  avia-builder-el-first  av-inherit-size'><h3 class='av-special-heading-tag '  itemprop=\"headline\"  ><b style=\"color: #fff;\">Contact information<\/b><\/h3><div class=\"special-heading-border\"><div class=\"special-heading-inner-border\"><\/div><\/div><\/div><br \/>\n\n<style type=\"text\/css\" data-created_by=\"avia_inline_auto\" id=\"style-css-av-k3yvd3yq-ed7b7502343c15ca541d3cf90ccb3f48\">\n.iconbox.av-k3yvd3yq-ed7b7502343c15ca541d3cf90ccb3f48 .iconbox_icon{\nbackground-color:rgba(255,255,255,0);\ncolor:#ffffff;\n}\n.iconbox.av-k3yvd3yq-ed7b7502343c15ca541d3cf90ccb3f48 .iconbox_icon.avia-svg-icon svg:first-child{\nfill:#ffffff;\nstroke:#ffffff;\n}\n#top #wrap_all .iconbox.av-k3yvd3yq-ed7b7502343c15ca541d3cf90ccb3f48 .iconbox_content_title{\ncolor:#ffffff;\n}\n.iconbox.av-k3yvd3yq-ed7b7502343c15ca541d3cf90ccb3f48 .iconbox_content_container{\ncolor:#ffffff;\n}\n<\/style>\n<article  class='iconbox iconbox_left av-k3yvd3yq-ed7b7502343c15ca541d3cf90ccb3f48  avia-builder-el-7  el_after_av_heading  el_before_av_icon_box '  itemscope=\"itemscope\" itemtype=\"https:\/\/schema.org\/CreativeWork\" ><div class=\"iconbox_content\"><header class=\"entry-content-header\" aria-label=\"Icon: \"><div class='iconbox_icon heading-color avia-iconfont avia-font-entypo-fontello' data-av_icon='\ue842' data-av_iconfont='entypo-fontello'  ><\/div><\/header><div class='iconbox_content_container av_inherit_color'  itemprop=\"text\" ><p>Ban Josip Jela\u010di\u0107 Square 12,<br \/>\n42 000 Vara\u017edin, Croatia<\/p>\n<\/div><\/div><footer class=\"entry-footer\"><\/footer><\/article><br \/>\n\n<style type=\"text\/css\" data-created_by=\"avia_inline_auto\" id=\"style-css-av-k3yvd3yq-54cb23e5e3fc43e51282a8b662a4379f\">\n.iconbox.av-k3yvd3yq-54cb23e5e3fc43e51282a8b662a4379f .iconbox_icon{\nbackground-color:rgba(255,255,255,0);\ncolor:#ffffff;\n}\n.iconbox.av-k3yvd3yq-54cb23e5e3fc43e51282a8b662a4379f .iconbox_icon.avia-svg-icon svg:first-child{\nfill:#ffffff;\nstroke:#ffffff;\n}\n#top #wrap_all .iconbox.av-k3yvd3yq-54cb23e5e3fc43e51282a8b662a4379f .iconbox_content_title{\ncolor:#ffffff;\n}\n.iconbox.av-k3yvd3yq-54cb23e5e3fc43e51282a8b662a4379f .iconbox_content_container{\ncolor:#ffffff;\n}\n<\/style>\n<article  class='iconbox iconbox_left av-k3yvd3yq-54cb23e5e3fc43e51282a8b662a4379f  avia-builder-el-8  el_after_av_icon_box  el_before_av_icon_box '  itemscope=\"itemscope\" itemtype=\"https:\/\/schema.org\/CreativeWork\" ><div class=\"iconbox_content\"><header class=\"entry-content-header\" aria-label=\"Icon: \"><div class='iconbox_icon heading-color avia-iconfont avia-font-entypo-fontello' data-av_icon='\ue854' data-av_iconfont='entypo-fontello'  ><\/div><\/header><div class='iconbox_content_container av_inherit_color'  itemprop=\"text\" ><p style=\"padding-top: 15px;\"><a style=\"text-decoration: none;\" href=\"tel:+38542210096\">+385 (0)42 210 096<\/a><\/p>\n<\/div><\/div><footer class=\"entry-footer\"><\/footer><\/article><br \/>\n\n<style type=\"text\/css\" data-created_by=\"avia_inline_auto\" id=\"style-css-av-k3yvd3yq-0e090499cad1668ba41f8d937506bd9d\">\n.iconbox.av-k3yvd3yq-0e090499cad1668ba41f8d937506bd9d .iconbox_icon{\nbackground-color:rgba(255,255,255,0);\ncolor:#ffffff;\n}\n.iconbox.av-k3yvd3yq-0e090499cad1668ba41f8d937506bd9d .iconbox_icon.avia-svg-icon svg:first-child{\nfill:#ffffff;\nstroke:#ffffff;\n}\n#top #wrap_all .iconbox.av-k3yvd3yq-0e090499cad1668ba41f8d937506bd9d .iconbox_content_title{\ncolor:#ffffff;\n}\n.iconbox.av-k3yvd3yq-0e090499cad1668ba41f8d937506bd9d .iconbox_content_container{\ncolor:#ffffff;\n}\n<\/style>\n<article  class='iconbox iconbox_left av-k3yvd3yq-0e090499cad1668ba41f8d937506bd9d  avia-builder-el-9  el_after_av_icon_box  avia-builder-el-last '  itemscope=\"itemscope\" itemtype=\"https:\/\/schema.org\/CreativeWork\" ><div class=\"iconbox_content\"><header class=\"entry-content-header\" aria-label=\"Icon: \"><div class='iconbox_icon heading-color avia-iconfont avia-font-entypo-fontello' data-av_icon='\ue805' data-av_iconfont='entypo-fontello'  ><\/div><\/header><div class='iconbox_content_container av_inherit_color'  itemprop=\"text\" ><p style=\"padding-top: 15px;\"><a style=\"text-decoration: none;\" href=\"mailto:info@turizam-vzz.hr\">info@turizam-vzz.hr<\/a><\/p>\n<\/div><\/div><footer class=\"entry-footer\"><\/footer><\/article><\/p><\/div><\/div><!--close column table wrapper. Autoclose: 1 --><\/div><\/div><\/div><!-- close content main div --><\/div><\/div><div id='after_section_1'  class='main_color av_default_container_wrap container_wrap sidebar_right'  ><div class='container av-section-cont-open' ><div class='template-page content  av-content-small alpha units'><div class='post-entry post-entry-type-page post-entry-3382'><div class='entry-content-wrapper clearfix'>\n","protected":false},"excerpt":{"rendered":"","protected":false},"author":3,"featured_media":0,"parent":0,"menu_order":0,"comment_status":"closed","ping_status":"closed","template":"","meta":{"footnotes":""},"class_list":["post-3382","page","type-page","status-publish","hentry"],"yoast_head":"<!-- This site is optimized with the Yoast SEO plugin v25.8 - https:\/\/yoast.com\/wordpress\/plugins\/seo\/ -->\n<title>Contact - My Varazdin Holiday<\/title>\n<meta name=\"robots\" content=\"index, follow, max-snippet:-1, max-image-preview:large, max-video-preview:-1\" \/>\n<link rel=\"canonical\" href=\"https:\/\/myvarazdinholiday.com\/contact\/\" \/>\n<meta property=\"og:locale\" content=\"en_US\" \/>\n<meta property=\"og:type\" content=\"article\" \/>\n<meta property=\"og:title\" content=\"Contact - My Varazdin Holiday\" \/>\n<meta property=\"og:url\" content=\"https:\/\/myvarazdinholiday.com\/contact\/\" \/>\n<meta property=\"og:site_name\" content=\"My Varazdin Holiday\" \/>\n<meta property=\"article:modified_time\" content=\"2019-12-11T10:03:07+00:00\" \/>\n<meta name=\"twitter:card\" content=\"summary_large_image\" \/>\n<meta name=\"twitter:label1\" content=\"Est. reading time\" \/>\n\t<meta name=\"twitter:data1\" content=\"5 minutes\" \/>\n<script type=\"application\/ld+json\" class=\"yoast-schema-graph\">{\"@context\":\"https:\/\/schema.org\",\"@graph\":[{\"@type\":\"WebPage\",\"@id\":\"https:\/\/myvarazdinholiday.com\/contact\/\",\"url\":\"https:\/\/myvarazdinholiday.com\/contact\/\",\"name\":\"Contact - My Varazdin Holiday\",\"isPartOf\":{\"@id\":\"https:\/\/myvarazdinholiday.com\/#website\"},\"datePublished\":\"2019-12-11T10:01:35+00:00\",\"dateModified\":\"2019-12-11T10:03:07+00:00\",\"breadcrumb\":{\"@id\":\"https:\/\/myvarazdinholiday.com\/contact\/#breadcrumb\"},\"inLanguage\":\"en-US\",\"potentialAction\":[{\"@type\":\"ReadAction\",\"target\":[\"https:\/\/myvarazdinholiday.com\/contact\/\"]}]},{\"@type\":\"BreadcrumbList\",\"@id\":\"https:\/\/myvarazdinholiday.com\/contact\/#breadcrumb\",\"itemListElement\":[{\"@type\":\"ListItem\",\"position\":1,\"name\":\"Po\u010detna stranica\",\"item\":\"https:\/\/myvarazdinholiday.com\/home\/\"},{\"@type\":\"ListItem\",\"position\":2,\"name\":\"Contact\"}]},{\"@type\":\"WebSite\",\"@id\":\"https:\/\/myvarazdinholiday.com\/#website\",\"url\":\"https:\/\/myvarazdinholiday.com\/\",\"name\":\"My Varazdin Holiday\",\"description\":\"Holiday homes with a story\",\"potentialAction\":[{\"@type\":\"SearchAction\",\"target\":{\"@type\":\"EntryPoint\",\"urlTemplate\":\"https:\/\/myvarazdinholiday.com\/?s={search_term_string}\"},\"query-input\":{\"@type\":\"PropertyValueSpecification\",\"valueRequired\":true,\"valueName\":\"search_term_string\"}}],\"inLanguage\":\"en-US\"}]}<\/script>\n<!-- \/ Yoast SEO plugin. -->","yoast_head_json":{"title":"Contact - My Varazdin Holiday","robots":{"index":"index","follow":"follow","max-snippet":"max-snippet:-1","max-image-preview":"max-image-preview:large","max-video-preview":"max-video-preview:-1"},"canonical":"https:\/\/myvarazdinholiday.com\/contact\/","og_locale":"en_US","og_type":"article","og_title":"Contact - My Varazdin Holiday","og_url":"https:\/\/myvarazdinholiday.com\/contact\/","og_site_name":"My Varazdin Holiday","article_modified_time":"2019-12-11T10:03:07+00:00","twitter_card":"summary_large_image","twitter_misc":{"Est. reading time":"5 minutes"},"schema":{"@context":"https:\/\/schema.org","@graph":[{"@type":"WebPage","@id":"https:\/\/myvarazdinholiday.com\/contact\/","url":"https:\/\/myvarazdinholiday.com\/contact\/","name":"Contact - My Varazdin Holiday","isPartOf":{"@id":"https:\/\/myvarazdinholiday.com\/#website"},"datePublished":"2019-12-11T10:01:35+00:00","dateModified":"2019-12-11T10:03:07+00:00","breadcrumb":{"@id":"https:\/\/myvarazdinholiday.com\/contact\/#breadcrumb"},"inLanguage":"en-US","potentialAction":[{"@type":"ReadAction","target":["https:\/\/myvarazdinholiday.com\/contact\/"]}]},{"@type":"BreadcrumbList","@id":"https:\/\/myvarazdinholiday.com\/contact\/#breadcrumb","itemListElement":[{"@type":"ListItem","position":1,"name":"Po\u010detna stranica","item":"https:\/\/myvarazdinholiday.com\/home\/"},{"@type":"ListItem","position":2,"name":"Contact"}]},{"@type":"WebSite","@id":"https:\/\/myvarazdinholiday.com\/#website","url":"https:\/\/myvarazdinholiday.com\/","name":"My Varazdin Holiday","description":"Holiday homes with a story","potentialAction":[{"@type":"SearchAction","target":{"@type":"EntryPoint","urlTemplate":"https:\/\/myvarazdinholiday.com\/?s={search_term_string}"},"query-input":{"@type":"PropertyValueSpecification","valueRequired":true,"valueName":"search_term_string"}}],"inLanguage":"en-US"}]}},"jetpack_sharing_enabled":true,"_links":{"self":[{"href":"https:\/\/myvarazdinholiday.com\/en\/wp-json\/wp\/v2\/pages\/3382","targetHints":{"allow":["GET"]}}],"collection":[{"href":"https:\/\/myvarazdinholiday.com\/en\/wp-json\/wp\/v2\/pages"}],"about":[{"href":"https:\/\/myvarazdinholiday.com\/en\/wp-json\/wp\/v2\/types\/page"}],"author":[{"embeddable":true,"href":"https:\/\/myvarazdinholiday.com\/en\/wp-json\/wp\/v2\/users\/3"}],"replies":[{"embeddable":true,"href":"https:\/\/myvarazdinholiday.com\/en\/wp-json\/wp\/v2\/comments?post=3382"}],"version-history":[{"count":4,"href":"https:\/\/myvarazdinholiday.com\/en\/wp-json\/wp\/v2\/pages\/3382\/revisions"}],"predecessor-version":[{"id":3385,"href":"https:\/\/myvarazdinholiday.com\/en\/wp-json\/wp\/v2\/pages\/3382\/revisions\/3385"}],"wp:attachment":[{"href":"https:\/\/myvarazdinholiday.com\/en\/wp-json\/wp\/v2\/media?parent=3382"}],"curies":[{"name":"wp","href":"https:\/\/api.w.org\/{rel}","templated":true}]}}