{"id":3260,"date":"2019-12-07T20:45:48","date_gmt":"2019-12-07T19:45:48","guid":{"rendered":"https:\/\/myvarazdinholiday.com\/?page_id=3260"},"modified":"2019-12-07T20:45:48","modified_gmt":"2019-12-07T19:45:48","slug":"nutzungsbedingungen","status":"publish","type":"page","link":"https:\/\/myvarazdinholiday.com\/de\/nutzungsbedingungen\/","title":{"rendered":"Nutzungsbedingungen"},"content":{"rendered":"<div id='av_section_1'  class='avia-section av-av_section-d22d0925bbe873903d870fa53c85a800 main_color avia-section-default avia-no-border-styling  avia-builder-el-0  avia-builder-el-no-sibling  avia-bg-style-scroll container_wrap sidebar_right'  ><div class='container av-section-cont-open' ><main  role=\"main\" itemprop=\"mainContentOfPage\"  class='template-page content  av-content-small alpha units'><div class='post-entry post-entry-type-page post-entry-3260'><div class='entry-content-wrapper clearfix'>\n\n<style type=\"text\/css\" data-created_by=\"avia_inline_auto\" id=\"style-css-av-k3vzlz0b-d9c1a9efb9b6c2605ddf271776a06313\">\n#top .av-special-heading.av-k3vzlz0b-d9c1a9efb9b6c2605ddf271776a06313{\npadding-bottom:10px;\nfont-size:40px;\n}\nbody .av-special-heading.av-k3vzlz0b-d9c1a9efb9b6c2605ddf271776a06313 .av-special-heading-tag .heading-char{\nfont-size:25px;\n}\n#top #wrap_all .av-special-heading.av-k3vzlz0b-d9c1a9efb9b6c2605ddf271776a06313 .av-special-heading-tag{\nfont-size:40px;\n}\n.av-special-heading.av-k3vzlz0b-d9c1a9efb9b6c2605ddf271776a06313 .av-subheading{\nfont-size:15px;\n}\n\n@media only screen and (min-width: 480px) and (max-width: 767px){ \n#top #wrap_all .av-special-heading.av-k3vzlz0b-d9c1a9efb9b6c2605ddf271776a06313 .av-special-heading-tag{\nfont-size:0.8em;\n}\n}\n\n@media only screen and (max-width: 479px){ \n#top #wrap_all .av-special-heading.av-k3vzlz0b-d9c1a9efb9b6c2605ddf271776a06313 .av-special-heading-tag{\nfont-size:0.8em;\n}\n}\n<\/style>\n<div  class='av-special-heading av-k3vzlz0b-d9c1a9efb9b6c2605ddf271776a06313 av-special-heading-h2 blockquote modern-quote  avia-builder-el-1  el_before_av_hr  avia-builder-el-first  av-inherit-size'><h2 class='av-special-heading-tag '  itemprop=\"headline\"  >SCHUTZ PERS\u00d6NLICHER DATEN AUF DER WEBSITE MYVARAZDINHOLIDAY.COM<\/h2><div class=\"special-heading-border\"><div class=\"special-heading-inner-border\"><\/div><\/div><\/div>\n\n<style type=\"text\/css\" data-created_by=\"avia_inline_auto\" id=\"style-css-av-k3vzf9ae-0d087002fa893454fd8e1880d4cfeab1\">\n#top .hr.av-k3vzf9ae-0d087002fa893454fd8e1880d4cfeab1{\nmargin-top:10px;\nmargin-bottom:10px;\n}\n.hr.av-k3vzf9ae-0d087002fa893454fd8e1880d4cfeab1 .hr-inner{\nwidth:50px;\nborder-color:#000000;\n}\n<\/style>\n<div  class='hr av-k3vzf9ae-0d087002fa893454fd8e1880d4cfeab1 hr-custom  avia-builder-el-2  el_after_av_heading  el_before_av_textblock  hr-left hr-icon-no'><span class='hr-inner inner-border-av-border-fat'><span class=\"hr-inner-style\"><\/span><\/span><\/div>\n<section  class='av_textblock_section av-k3vzgqwg-a0ada16f4223d709559b3e3b7b712551 '   itemscope=\"itemscope\" itemtype=\"https:\/\/schema.org\/CreativeWork\" ><div class='avia_textblock'  itemprop=\"text\" ><h3>INFORMATIONEN, DIE WIR SAMMELN<\/h3>\n<p>Zugang Website myvarazdinholiday.com ist kostenlos und bedarf keiner Registrierung. Durch die \u00fcber das Kontaktformular kontaktieren oder per E-Mail f\u00fcllen Sie Ihre Informationen.\u00a0Diese Daten sind ausschlie\u00dflich Seite myvarazdinholiday.com, die gesendet wurden Ihre Fragen zu l\u00f6sen. Ihre personenbezogenen Daten ist freiwillig.\u00a0Verarbeiten Sie nicht mehr personenbezogene Daten als f\u00fcr die Reaktion auf Ihre Anfrage wirklich notwendig ist.<\/p>\n<h3>Der Schutz Ihrer pers\u00f6nlichen Daten<\/h3>\n<p>Seite myvarazdinholiday.com respektiert Ihre Privatsph\u00e4re und verarbeitet Ihre personenbezogenen Daten nach Recht und Billigkeit. Ihre pers\u00f6nlichen Daten in elektronischer Form gespeichert und zu sch\u00fctzen, geeignete technische und organisatorische Ma\u00dfnahmen, um pers\u00f6nliche Daten und Verfahren zu sch\u00fctzen zu verhindern, dass personenbezogene Daten nicht unbefugt zugegriffen werden.<\/p>\n<h3>COOKIES<\/h3>\n<p>Website www.myvarazdinholiday.com verwendet, um die so genannte. Cookies (engl. \u201aCookies\u2018) an den Benutzer Dienste mit vollst\u00e4ndiger Funktionalit\u00e4t und Qualit\u00e4t Programme bieten k\u00f6nnte.\u00a0Cookies stellen eine Reihe von Daten, die durch den Server-Webseiten generiert und Web-Browser speichert auf der Festplatte Benutzer in Form von kleinen Textdateien.\u00a0Unsere Kunden st\u00e4ndig die bestm\u00f6gliche Benutzererfahrung zu bieten streben, ist es notwendig zu beachten, dass unsere Website nur dann optimal funktionieren, wenn Cookies aktiviert ist.\u00a0Um \u201eCookies\u201c kann in \u00dcbereinstimmung mit dem Gesetz \u00fcber die elektronische Kommunikation verwendet wird, mu\u00df das Gesetz \u00fcber den Schutz von personenbezogenen Daten und EU-Richtlinien Ihre Zustimmung.\u00a0Durch die Nutzung dieser Website erkl\u00e4ren Sie geben Zustimmung und stimmen sich auf die Verwendung von Cookies.\u00a0Durch das Blockieren von Cookies k\u00f6nnen Sie immer noch die Website finden, aber einige seiner F\u00e4higkeiten, werden Sie nicht zur Verf\u00fcgung stehen.<\/p>\n<h3>Eingebettete Inhalte von anderen Web-PAGE<\/h3>\n<p>Artikel auf dieser Website enthalten k\u00f6nnen Inhalte eingebettet (z. B. Video, Bilder, Artikel, etc.).\u00a0Einbau-Inhalte von anderen Web-Seiten verhalten sich genauso, als ob die Besucher diese andere Website besucht.<\/p>\n<h3>SCHUTZMASSNAHMEN<\/h3>\n<p>Seite myvarazdinholiday.com gebrauchte Technik und Sicherheitsma\u00dfnahmen, Regeln und andere Verfahren, um die pers\u00f6nlichen Daten der Nutzer dieser Website vor unbefugtem Zugriff, Missbrauch, Offenlegung, Verlust oder Zerst\u00f6rung zu sch\u00fctzen. Um die Vertraulichkeit der Informationen \u00fcber die Nutzer der Website zu gew\u00e4hrleisten, verwenden wir Industriestandard sichert, wie Firewalls und Passwortschutz.\u00a0Jedoch wird der Benutzer erforderlich, um sicherzustellen, dass der Computer vor b\u00f6sartiger Software wie Trojaner, Computerviren und W\u00fcrmern und sicher ausgef\u00fchrt werden.\u00a0User Pages ist sich bewusst, dass ohne ausreichende Sicherheitsma\u00dfnahmen (zB sichere Web-Browser-Konfiguration, aktualisiert Antiviren-Programme, pers\u00f6nliche Programme Firewall, keine Programme aus dubiosen Quellen verwendet wird) besteht das Risiko, dass die Daten und Passw\u00f6rter Zugang zu personenbezogenen Daten zu verhindern,<\/p>\n<h3>Server-Statistiken<\/h3>\n<p>Diese Website benutzt Jetpack Plugin-Traffic-Statistiken zu messen.<\/p>\n<h3>Haftungsbeschr\u00e4nkung<\/h3>\n<p>die zur Verf\u00fcgung stehenden technische und organisatorische Ma\u00dfnahmen W\u00e4hrend der Einnahme von unberechtigter Offenlegung Ihrer pers\u00f6nlichen Daten zu verhindern, k\u00f6nnen wir nicht garantieren, dass ein Teil der pers\u00f6nlichen Daten, die wir sammeln, wird nie zuf\u00e4llig, die Bestimmungen entgegen der Datenschutzbestimmungen zu entdecken.\u00a0Um die maximale gesetzlich zul\u00e4ssigen Umfang schlie\u00dfen wir die Haftung f\u00fcr die Nutzer oder Dritte versehentliche Offenlegung von pers\u00f6nlichen Informationen verursacht wurden.<\/p>\n<\/div><\/section>\n<\/div><\/div><\/main><!-- close content main element --><\/div><\/div><div id='after_section_1'  class='main_color av_default_container_wrap container_wrap sidebar_right'  ><div class='container av-section-cont-open' ><div class='template-page content  av-content-small alpha units'><div class='post-entry post-entry-type-page post-entry-3260'><div class='entry-content-wrapper clearfix'>\n","protected":false},"excerpt":{"rendered":"","protected":false},"author":1,"featured_media":0,"parent":0,"menu_order":0,"comment_status":"closed","ping_status":"closed","template":"","meta":{"footnotes":""},"class_list":["post-3260","page","type-page","status-publish","hentry"],"yoast_head":"<!-- This site is optimized with the Yoast SEO plugin v25.8 - https:\/\/yoast.com\/wordpress\/plugins\/seo\/ -->\n<title>Nutzungsbedingungen - My Varazdin Holiday<\/title>\n<meta name=\"robots\" content=\"index, follow, max-snippet:-1, max-image-preview:large, max-video-preview:-1\" \/>\n<link rel=\"canonical\" href=\"https:\/\/myvarazdinholiday.com\/nutzungsbedingungen\/\" \/>\n<meta property=\"og:locale\" content=\"de_DE\" \/>\n<meta property=\"og:type\" content=\"article\" \/>\n<meta property=\"og:title\" content=\"Nutzungsbedingungen - My Varazdin Holiday\" \/>\n<meta property=\"og:url\" content=\"https:\/\/myvarazdinholiday.com\/nutzungsbedingungen\/\" \/>\n<meta property=\"og:site_name\" content=\"My Varazdin Holiday\" \/>\n<meta name=\"twitter:card\" content=\"summary_large_image\" \/>\n<meta name=\"twitter:label1\" content=\"Gesch\u00e4tzte Lesezeit\" \/>\n\t<meta name=\"twitter:data1\" content=\"4\u00a0Minuten\" \/>\n<script type=\"application\/ld+json\" class=\"yoast-schema-graph\">{\"@context\":\"https:\/\/schema.org\",\"@graph\":[{\"@type\":\"WebPage\",\"@id\":\"https:\/\/myvarazdinholiday.com\/nutzungsbedingungen\/\",\"url\":\"https:\/\/myvarazdinholiday.com\/nutzungsbedingungen\/\",\"name\":\"Nutzungsbedingungen - My Varazdin Holiday\",\"isPartOf\":{\"@id\":\"https:\/\/myvarazdinholiday.com\/#website\"},\"datePublished\":\"2019-12-07T19:45:48+00:00\",\"breadcrumb\":{\"@id\":\"https:\/\/myvarazdinholiday.com\/nutzungsbedingungen\/#breadcrumb\"},\"inLanguage\":\"de\",\"potentialAction\":[{\"@type\":\"ReadAction\",\"target\":[\"https:\/\/myvarazdinholiday.com\/nutzungsbedingungen\/\"]}]},{\"@type\":\"BreadcrumbList\",\"@id\":\"https:\/\/myvarazdinholiday.com\/nutzungsbedingungen\/#breadcrumb\",\"itemListElement\":[{\"@type\":\"ListItem\",\"position\":1,\"name\":\"Po\u010detna stranica\",\"item\":\"https:\/\/myvarazdinholiday.com\/zuhause\/\"},{\"@type\":\"ListItem\",\"position\":2,\"name\":\"Nutzungsbedingungen\"}]},{\"@type\":\"WebSite\",\"@id\":\"https:\/\/myvarazdinholiday.com\/#website\",\"url\":\"https:\/\/myvarazdinholiday.com\/\",\"name\":\"My Varazdin Holiday\",\"description\":\"Holiday homes with a story\",\"potentialAction\":[{\"@type\":\"SearchAction\",\"target\":{\"@type\":\"EntryPoint\",\"urlTemplate\":\"https:\/\/myvarazdinholiday.com\/?s={search_term_string}\"},\"query-input\":{\"@type\":\"PropertyValueSpecification\",\"valueRequired\":true,\"valueName\":\"search_term_string\"}}],\"inLanguage\":\"de\"}]}<\/script>\n<!-- \/ Yoast SEO plugin. -->","yoast_head_json":{"title":"Nutzungsbedingungen - My Varazdin Holiday","robots":{"index":"index","follow":"follow","max-snippet":"max-snippet:-1","max-image-preview":"max-image-preview:large","max-video-preview":"max-video-preview:-1"},"canonical":"https:\/\/myvarazdinholiday.com\/nutzungsbedingungen\/","og_locale":"de_DE","og_type":"article","og_title":"Nutzungsbedingungen - My Varazdin Holiday","og_url":"https:\/\/myvarazdinholiday.com\/nutzungsbedingungen\/","og_site_name":"My Varazdin Holiday","twitter_card":"summary_large_image","twitter_misc":{"Gesch\u00e4tzte Lesezeit":"4\u00a0Minuten"},"schema":{"@context":"https:\/\/schema.org","@graph":[{"@type":"WebPage","@id":"https:\/\/myvarazdinholiday.com\/nutzungsbedingungen\/","url":"https:\/\/myvarazdinholiday.com\/nutzungsbedingungen\/","name":"Nutzungsbedingungen - My Varazdin Holiday","isPartOf":{"@id":"https:\/\/myvarazdinholiday.com\/#website"},"datePublished":"2019-12-07T19:45:48+00:00","breadcrumb":{"@id":"https:\/\/myvarazdinholiday.com\/nutzungsbedingungen\/#breadcrumb"},"inLanguage":"de","potentialAction":[{"@type":"ReadAction","target":["https:\/\/myvarazdinholiday.com\/nutzungsbedingungen\/"]}]},{"@type":"BreadcrumbList","@id":"https:\/\/myvarazdinholiday.com\/nutzungsbedingungen\/#breadcrumb","itemListElement":[{"@type":"ListItem","position":1,"name":"Po\u010detna stranica","item":"https:\/\/myvarazdinholiday.com\/zuhause\/"},{"@type":"ListItem","position":2,"name":"Nutzungsbedingungen"}]},{"@type":"WebSite","@id":"https:\/\/myvarazdinholiday.com\/#website","url":"https:\/\/myvarazdinholiday.com\/","name":"My Varazdin Holiday","description":"Holiday homes with a story","potentialAction":[{"@type":"SearchAction","target":{"@type":"EntryPoint","urlTemplate":"https:\/\/myvarazdinholiday.com\/?s={search_term_string}"},"query-input":{"@type":"PropertyValueSpecification","valueRequired":true,"valueName":"search_term_string"}}],"inLanguage":"de"}]}},"jetpack_sharing_enabled":true,"_links":{"self":[{"href":"https:\/\/myvarazdinholiday.com\/de\/wp-json\/wp\/v2\/pages\/3260","targetHints":{"allow":["GET"]}}],"collection":[{"href":"https:\/\/myvarazdinholiday.com\/de\/wp-json\/wp\/v2\/pages"}],"about":[{"href":"https:\/\/myvarazdinholiday.com\/de\/wp-json\/wp\/v2\/types\/page"}],"author":[{"embeddable":true,"href":"https:\/\/myvarazdinholiday.com\/de\/wp-json\/wp\/v2\/users\/1"}],"replies":[{"embeddable":true,"href":"https:\/\/myvarazdinholiday.com\/de\/wp-json\/wp\/v2\/comments?post=3260"}],"version-history":[{"count":2,"href":"https:\/\/myvarazdinholiday.com\/de\/wp-json\/wp\/v2\/pages\/3260\/revisions"}],"predecessor-version":[{"id":4119,"href":"https:\/\/myvarazdinholiday.com\/de\/wp-json\/wp\/v2\/pages\/3260\/revisions\/4119"}],"wp:attachment":[{"href":"https:\/\/myvarazdinholiday.com\/de\/wp-json\/wp\/v2\/media?parent=3260"}],"curies":[{"name":"wp","href":"https:\/\/api.w.org\/{rel}","templated":true}]}}